{"id":3172,"date":"2021-07-29T03:23:47","date_gmt":"2021-07-29T03:23:47","guid":{"rendered":"https:\/\/capatours.com\/?post_type=product&#038;p=3172"},"modified":"2024-12-02T01:26:02","modified_gmt":"2024-12-02T01:26:02","slug":"chichen-itza-valladolid-cenote-de-luxe-premiere-tour-pack","status":"publish","type":"product","link":"https:\/\/capatours.com\/es\/producto\/chichen-itza-valladolid-cenote-de-luxe-premiere-tour-pack\/","title":{"rendered":"Tour Chich\u00e9n Itz\u00e1 \u2013 Valladolid \u2013 Cenote De Lujo (LUJO)"},"content":{"rendered":"<p><strong>Chichen Itza.<\/strong>.<\/p>\n<p><strong>Emb\u00e1rcate en la m\u00e1xima aventura en Canc\u00fan: Chich\u00e9n Itz\u00e1, Cenote Hubiku y Valladolid<\/strong><\/p>\n<p>Explora las impresionantes maravillas de la Pen\u00ednsula de Yucat\u00e1n con este inolvidable recorrido que combina historia, cultura y belleza natural. Su viaje comienza con una conveniente recogida en su hotel en Canc\u00fan, preparando el escenario para un d\u00eda lleno de descubrimiento y deleite.<\/p>\n<h3><strong>Sum\u00e9rgete en el cenote M\u00edstico Hubiku<\/strong><\/h3>\n<p class=\" translation-block\">Su primera parada es el encantador Cenote Hubiku, una impresionante piscina natural escondida dentro de una caverna de piedra caliza. Refr\u00e9scate en sus aguas cristalinas y sagradas, veneradas por los antiguos mayas. Para una experiencia adicional, visite el  Museo del Tequila, donde podr\u00e1 saborear tequilas artesanales y aprender sobre las ricas tradiciones de este ic\u00f3nico licor mexicano.<\/p>\n<h3><strong>Saborea la aut\u00e9ntica cocina maya.<\/strong><\/h3>\n<p class=\" translation-block\">Despu\u00e9s de su aventura en el cenote, disfrute de un delicioso buffet regional que incluye platos tradicionales como la famosa cochinita pibil. Este sabroso fest\u00edn es una verdadera muestra de la cultura maya y ofrece una deliciosa pausa antes de dirigirse al siguiente destino.<\/p>\n<h3><strong>Descubre el Majestuoso Chich\u00e9n Itz\u00e1.<\/strong><\/h3>\n<p class=\" translation-block\">Ad\u00e9ntrate en la historia de Chich\u00e9n Itz\u00e1, una de las Siete Nuevas Maravillas del Mundo y Patrimonio de la Humanidad por la UNESCO. Marav\u00edllate ante la impresionante Pir\u00e1mide de Kukulc\u00e1n, explora los intrincados relieves y tallados en piedra del Gran Juego de Pelota y descubre los misterios de esta antigua ciudad que alguna vez sirvi\u00f3 como centro vital de la civilizaci\u00f3n maya.<\/p>\n<h3><strong>Pasear por la encantadora ciudad de Valladolid.<\/strong><\/h3>\n<p class=\" translation-block\">Concluya su aventura en la pintoresca ciudad colonial de Valladolid, reconocida como un \"Pueblo M\u00e1gico\" por su importancia cultural y su vibrante arquitectura. Pasee por las encantadoras calles, capture fotograf\u00edas inolvidables con fondos coloridos y sum\u00e9rjase en el rico patrimonio local.<\/p>\n<h3><strong>Viaje comodamente.<\/strong><\/h3>\n<p class=\" translation-block\">Disfrute de su d\u00eda a bordo de un autob\u00fas espacioso con aire acondicionado, que le garantizar\u00e1 un viaje relajante desde el hotel de Canc\u00fan.<\/p>\n<p>Este tour todo incluido es la combinaci\u00f3n perfecta de aventura, cultura y relajaci\u00f3n. \u00a1Reserva tu experiencia ahora y crea recuerdos que durar\u00e1n toda la vida!<\/p>\n<p class=\" translation-block\"><strong>Include<\/strong><br>\r\n\u2013 Roundtrip transportation from your hotel in Cancun to Chichen Itza in a luxury coach with executive service, air conditioning, and lavatory<br>\r\n\u2013 Beverage service on coach bus: water, soft drinks, and beer<br>\r\n\u2013 Admission to Chichen Itza archeological site and Hubiku Cenote<br>\r\n\u2013 Bilingual guide English-Spanish and tour conductor<br>\r\nMexican buffet lunch with a open bar drinks<br>\r\n<strong>Tips:<\/strong><br>\r\n<strong>Bring:<\/strong> comfortable clothes and shoes, swimsuit, towel, sunglasses, cap, sunscreen and insect repellent for the tour.<br>\r\n<strong>Bring<\/strong> cash or credit cards for souvenirs, personal shopping, and renting lockers and lifevests at the Cenote.<br>\r\nAn adult must accompany all children.<br>\r\nIn case of using a wheelchair, we recommend you bring a companion.<\/p>","protected":false},"excerpt":{"rendered":"<p class=\" translation-block\">Chich\u00e9n Itz\u00e1, con un gran confort: 1) Autocar de lujo con servicio ejecutivo, aire acondicionado y ba\u00f1o. 2)Servicio de bebidas en autob\u00fas de turismo: agua, refrescos y cerveza. 3)Servicio de desayuno continental. 4) Entrada al sitio arqueol\u00f3gico de Chich\u00e9n Itz\u00e1 y al Cenote Incre\u00edble. 5)Almuerzo buffet regional con bebidas de cortes\u00eda (refrescos, ron, tequila, etc) 6)Gu\u00eda biling\u00fce (ENG-SPN) y conductor del tour. Los ni\u00f1os de 3 a\u00f1os o menos entran gratis. La tarifa para ni\u00f1os es de 3 a 11 a\u00f1os.<\/p>","protected":false},"featured_media":3163,"template":"","meta":{"site-sidebar-layout":"default","site-content-layout":"default","ast-site-content-layout":"default","site-content-style":"default","site-sidebar-style":"default","ast-global-header-display":"","ast-banner-title-visibility":"","ast-main-header-display":"","ast-hfb-above-header-display":"","ast-hfb-below-header-display":"","ast-hfb-mobile-header-display":"","site-post-title":"","ast-breadcrumbs-content":"","ast-featured-img":"","footer-sml-layout":"","ast-disable-related-posts":"","theme-transparent-header-meta":"default","adv-header-id-meta":"","stick-header-meta":"","header-above-stick-meta":"","header-main-stick-meta":"","header-below-stick-meta":"","astra-migrate-meta-layouts":"set","ast-page-background-enabled":"default","ast-page-background-meta":{"desktop":{"background-color":"","background-image":"","background-repeat":"repeat","background-position":"center center","background-size":"auto","background-attachment":"scroll","background-type":"","background-media":"","overlay-type":"","overlay-color":"","overlay-opacity":"","overlay-gradient":""},"tablet":{"background-color":"","background-image":"","background-repeat":"repeat","background-position":"center center","background-size":"auto","background-attachment":"scroll","background-type":"","background-media":"","overlay-type":"","overlay-color":"","overlay-opacity":"","overlay-gradient":""},"mobile":{"background-color":"","background-image":"","background-repeat":"repeat","background-position":"center center","background-size":"auto","background-attachment":"scroll","background-type":"","background-media":"","overlay-type":"","overlay-color":"","overlay-opacity":"","overlay-gradient":""}},"ast-content-background-meta":{"desktop":{"background-color":"var(--ast-global-color-5)","background-image":"","background-repeat":"repeat","background-position":"center center","background-size":"auto","background-attachment":"scroll","background-type":"","background-media":"","overlay-type":"","overlay-color":"","overlay-opacity":"","overlay-gradient":""},"tablet":{"background-color":"var(--ast-global-color-5)","background-image":"","background-repeat":"repeat","background-position":"center center","background-size":"auto","background-attachment":"scroll","background-type":"","background-media":"","overlay-type":"","overlay-color":"","overlay-opacity":"","overlay-gradient":""},"mobile":{"background-color":"var(--ast-global-color-5)","background-image":"","background-repeat":"repeat","background-position":"center center","background-size":"auto","background-attachment":"scroll","background-type":"","background-media":"","overlay-type":"","overlay-color":"","overlay-opacity":"","overlay-gradient":""}}},"product_brand":[],"product_cat":[32,229,24],"product_tag":[],"class_list":{"0":"post-3172","1":"product","2":"type-product","3":"status-publish","4":"has-post-thumbnail","6":"product_cat-sightseeing","7":"product_cat-special-price","8":"product_cat-tours","9":"desktop-align-left","10":"tablet-align-left","11":"mobile-align-left","13":"first","14":"instock","15":"sale","16":"featured","17":"taxable","18":"shipping-taxable","19":"product-type-grouped"},"_links":{"self":[{"href":"https:\/\/capatours.com\/es\/wp-json\/wp\/v2\/product\/3172","targetHints":{"allow":["GET"]}}],"collection":[{"href":"https:\/\/capatours.com\/es\/wp-json\/wp\/v2\/product"}],"about":[{"href":"https:\/\/capatours.com\/es\/wp-json\/wp\/v2\/types\/product"}],"version-history":[{"count":4,"href":"https:\/\/capatours.com\/es\/wp-json\/wp\/v2\/product\/3172\/revisions"}],"predecessor-version":[{"id":7075,"href":"https:\/\/capatours.com\/es\/wp-json\/wp\/v2\/product\/3172\/revisions\/7075"}],"wp:featuredmedia":[{"embeddable":true,"href":"https:\/\/capatours.com\/es\/wp-json\/wp\/v2\/media\/3163"}],"wp:attachment":[{"href":"https:\/\/capatours.com\/es\/wp-json\/wp\/v2\/media?parent=3172"}],"wp:term":[{"taxonomy":"product_brand","embeddable":true,"href":"https:\/\/capatours.com\/es\/wp-json\/wp\/v2\/product_brand?post=3172"},{"taxonomy":"product_cat","embeddable":true,"href":"https:\/\/capatours.com\/es\/wp-json\/wp\/v2\/product_cat?post=3172"},{"taxonomy":"product_tag","embeddable":true,"href":"https:\/\/capatours.com\/es\/wp-json\/wp\/v2\/product_tag?post=3172"}],"curies":[{"name":"wp","href":"https:\/\/api.w.org\/{rel}","templated":true}]}}