{"id":3441,"date":"2021-12-06T03:35:09","date_gmt":"2021-12-06T03:35:09","guid":{"rendered":"https:\/\/outlet-tours.com\/?post_type=product&#038;p=3441"},"modified":"2023-09-24T18:00:35","modified_gmt":"2023-09-24T18:00:35","slug":"2atvs-double-zip-lines-combo-cenote-bonus","status":"publish","type":"product","link":"https:\/\/capatours.com\/es\/producto\/2atvs-double-zip-lines-combo-cenote-bonus\/","title":{"rendered":"K| ATV\u00b4s Double, ZipLine &#038; Cenote Adult"},"content":{"rendered":"<p><strong>ZIP LINE<\/strong> We start this exciting adventure in the jungle canopy with a circuit of 7 lines 2 hanging bridges and a spider Web; fun You have to realize your dream of flying between the treetops by touring the zip line circuit and its bridges<br \/>\nImportant for this activity: Maximum weight 240 lbs. (110kg)<br \/>\n<strong>ATV&#8217;s Double<\/strong>. Continue with 45 minutes of adrenaline-fueled excitement on our ATVs on trails created for maximum fun and safety. Double rider means 2 people riding one ATV. With this option, 2 people will ride one ATV and one person as a driver. Is possible if meet the requirements to share driving time.<br \/>\nMUST BE 16 YEARS OLD TO DRIVE THE ATVs. Therefore this is the option for kids. Kids are from 5 to 11 years old. Kids will be riding with an adult.<br \/>\n<strong>CENOTE:<\/strong> You\u2019ll swim in our refreshing Cenote and its crystalline waters and enjoy 2 aquatic zip lines before a delicious snack to recuperate energies in our main palapa.<br \/>\nNot recommended for those with back problems, pregnant women, or people with physical limitations<br \/>\nWe will pick you up at your Hotel (optional) Most hotels in Cancun, Playa del Carmen.<\/p>\n<p><strong>\u00a0 \u00a0 \u00a0Highlights:<\/strong><br \/>\nAn authentic canopy zip line tour a circuit full of fun &amp; excitement. Followed by the off-road circuit driving an ATV around the jungle, in the end, you will have the opportunity to swim in a very particular water formation unique in the world that is known as Cenote. Our experienced and courteous bilingual guides will take care of you, making sure you spend a safe and wonderful journey.<br \/>\n<strong>\u00a0 \u00a0 \u00a0Includes:<\/strong><br \/>\nGu\u00eda biling\u00fce<br \/>\nall equipment<br \/>\nOptional Shared transportation<br \/>\nSnack (Chicken fajitas, rice, and beans)<br \/>\nLemonade (unlimited)<br \/>\n<strong>\u00a0 \u00a0 \u00a0 Exclusions:<\/strong><br \/>\nPhotography, Lockers, Tips, Souvenirs, Alcoholic Drinks, Towels. Tips, souvenirs. All available optional.<br \/>\n<strong>\u00a0 \u00a0 \u00a0 What to bring:<\/strong><br \/>\nBiodegradable sunscreen and insect repellent<br \/>\nChange of clothes<br \/>\nSunglasses<br \/>\nSwimsuit<br \/>\nTowel<br \/>\nExtra cash for souvenirs and tips (optional)<br \/>\n<strong>\u00a0 \u00a0 \u00a0 \u00a0 Not allowed:<\/strong><br \/>\nPeople under the influence of alcohol or drugs will not be allowed to participate in this tour.<br \/>\n<strong>Know before you book<\/strong><br \/>\nYou must be 16 years old to drive an ATV with an adult\u00b4s permission<br \/>\nThe minimum weight is 50 lbs. &amp; maximum weight per person is 110 kg \/ 240 lbs.<br \/>\nIf you have back, neck, joint, or muscular problems or if you are pregnant, you should carefully consider whether to participate.<br \/>\nIf you are 17 or younger, you must have your parent or guardian&#8217;s permission.<br \/>\nWhile participating in the activity, you cannot bring cameras of any kind, drones, or valuables things.<br \/>\nIt\u00b4s important to arrive 30 minutes prior to your reservation.<br \/>\nPlease bring your booking reservation and your ID.<\/p>","protected":false},"excerpt":{"rendered":"<p>Combine the most exciting activities.\u00a0 Feel Extreme<\/p>\n<p>ZIP LINE We start this exciting adventure in the jungle canopy with 45 minutes of zipline fun<br \/>\nCuatrimotos Individual Contin\u00fae con 45 minutos de emoci\u00f3n llena de adrenalina en nuestras Cuatrimotos en senderos creados para la m\u00e1xima diversi\u00f3n y seguridad.<\/p>\n<p>as a <strong>Bonus<\/strong> you also get<br \/>\nCENOTE: Nadar\u00e1s en nuestro refrescante cenote y sus aguas cristalinas y disfrutar\u00e1s de 2 tirolesas acu\u00e1ticas antes de un delicioso snack para recuperar energ\u00edas en nuestra palapa principal.\u00a0 <strong>Kids are from 5 to 11 years old.<\/strong><\/p>\n<p>MUST BE 16 YEARS OLD TO DRIVE THE ATVs.\u00a0 Thefore this is the\u00a0 option for kids. <strong><em>Kids are from 5 to 11 years old. <\/em><\/strong><em>Kids will be riding with an adult.<\/em><\/p>","protected":false},"featured_media":3359,"template":"","meta":{"site-sidebar-layout":"default","site-content-layout":"default","ast-site-content-layout":"default","site-content-style":"default","site-sidebar-style":"default","ast-global-header-display":"","ast-banner-title-visibility":"","ast-main-header-display":"","ast-hfb-above-header-display":"","ast-hfb-below-header-display":"","ast-hfb-mobile-header-display":"","site-post-title":"","ast-breadcrumbs-content":"","ast-featured-img":"","footer-sml-layout":"","ast-disable-related-posts":"","theme-transparent-header-meta":"default","adv-header-id-meta":"","stick-header-meta":"default","header-above-stick-meta":"","header-main-stick-meta":"","header-below-stick-meta":"","astra-migrate-meta-layouts":"set","ast-page-background-enabled":"default","ast-page-background-meta":{"desktop":{"background-color":"","background-image":"","background-repeat":"repeat","background-position":"center center","background-size":"auto","background-attachment":"scroll","background-type":"","background-media":"","overlay-type":"","overlay-color":"","overlay-opacity":"","overlay-gradient":""},"tablet":{"background-color":"","background-image":"","background-repeat":"repeat","background-position":"center center","background-size":"auto","background-attachment":"scroll","background-type":"","background-media":"","overlay-type":"","overlay-color":"","overlay-opacity":"","overlay-gradient":""},"mobile":{"background-color":"","background-image":"","background-repeat":"repeat","background-position":"center center","background-size":"auto","background-attachment":"scroll","background-type":"","background-media":"","overlay-type":"","overlay-color":"","overlay-opacity":"","overlay-gradient":""}},"ast-content-background-meta":{"desktop":{"background-color":"var(--ast-global-color-5)","background-image":"","background-repeat":"repeat","background-position":"center center","background-size":"auto","background-attachment":"scroll","background-type":"","background-media":"","overlay-type":"","overlay-color":"","overlay-opacity":"","overlay-gradient":""},"tablet":{"background-color":"var(--ast-global-color-5)","background-image":"","background-repeat":"repeat","background-position":"center center","background-size":"auto","background-attachment":"scroll","background-type":"","background-media":"","overlay-type":"","overlay-color":"","overlay-opacity":"","overlay-gradient":""},"mobile":{"background-color":"var(--ast-global-color-5)","background-image":"","background-repeat":"repeat","background-position":"center center","background-size":"auto","background-attachment":"scroll","background-type":"","background-media":"","overlay-type":"","overlay-color":"","overlay-opacity":"","overlay-gradient":""}}},"product_brand":[],"product_cat":[33,229,24],"product_tag":[],"class_list":{"0":"post-3441","1":"product","2":"type-product","3":"status-publish","4":"has-post-thumbnail","6":"product_cat-extreme","7":"product_cat-special-price","8":"product_cat-tours","9":"desktop-align-left","10":"tablet-align-left","11":"mobile-align-left","13":"first","14":"instock","15":"featured","16":"taxable","17":"shipping-taxable","18":"purchasable","19":"product-type-simple"},"_links":{"self":[{"href":"https:\/\/capatours.com\/es\/wp-json\/wp\/v2\/product\/3441","targetHints":{"allow":["GET"]}}],"collection":[{"href":"https:\/\/capatours.com\/es\/wp-json\/wp\/v2\/product"}],"about":[{"href":"https:\/\/capatours.com\/es\/wp-json\/wp\/v2\/types\/product"}],"version-history":[{"count":11,"href":"https:\/\/capatours.com\/es\/wp-json\/wp\/v2\/product\/3441\/revisions"}],"predecessor-version":[{"id":3445,"href":"https:\/\/capatours.com\/es\/wp-json\/wp\/v2\/product\/3441\/revisions\/3445"}],"wp:featuredmedia":[{"embeddable":true,"href":"https:\/\/capatours.com\/es\/wp-json\/wp\/v2\/media\/3359"}],"wp:attachment":[{"href":"https:\/\/capatours.com\/es\/wp-json\/wp\/v2\/media?parent=3441"}],"wp:term":[{"taxonomy":"product_brand","embeddable":true,"href":"https:\/\/capatours.com\/es\/wp-json\/wp\/v2\/product_brand?post=3441"},{"taxonomy":"product_cat","embeddable":true,"href":"https:\/\/capatours.com\/es\/wp-json\/wp\/v2\/product_cat?post=3441"},{"taxonomy":"product_tag","embeddable":true,"href":"https:\/\/capatours.com\/es\/wp-json\/wp\/v2\/product_tag?post=3441"}],"curies":[{"name":"wp","href":"https:\/\/api.w.org\/{rel}","templated":true}]}}