{"id":3518,"date":"2021-12-12T04:12:01","date_gmt":"2021-12-12T04:12:01","guid":{"rendered":"https:\/\/outlet-tours.com\/?post_type=product&#038;p=3518"},"modified":"2023-09-24T15:43:39","modified_gmt":"2023-09-24T15:43:39","slug":"atvs-double-zipline-horseback-riding-cenote-combo-tour","status":"publish","type":"product","link":"https:\/\/capatours.com\/es\/producto\/atvs-double-zipline-horseback-riding-cenote-combo-tour\/","title":{"rendered":"K| ATV Double, Zipline, Horseback Riding &#038; Cenote Tour Combo"},"content":{"rendered":"<p>Dare to do one of the most fun tours in Cancun!<br \/>\n<strong>ZIP LINE<\/strong> You have realized your dream of flying between the treetops touring the zip line circuit and its bridges<br \/>\nImportant for this activity: Maximum weight 240 lbs. (110kg)<br \/>\n<strong>ATVs Exciting<\/strong> tour in All-Terrain Vehicles, driving along dirt roads immersed in the jungle, and then reach an open-air Cenote refresh yourself in its waters, launch yourself from its water zip line. Double rider means 2 people riding one ATV. With this option, TWO persons will be riding an ATV.<br \/>\nMUST BE 16 YEARS OLD TO DRIVE THE ATVs. Therefore this is the option for kids. Kids are from 5 to 11 years old. Kids will be riding with an adult Minimum age to participate is 5 years old<br \/>\n<strong>Horseback Riding<\/strong> Continue 35 minutes in the Jungle with English-speaking guides, unforgettable adventure in our stunning Mayan jungle on horseback along paths immersed in the jungle where you will have the opportunity to admire the incredible natural scenery<br \/>\nImportant for this activity: Maximum weight 220 lbs. (100kg) and minimum 55 lbs. (20kg)<br \/>\nNot recommended for those with back problems, pregnant women, or people with physical limitations<\/p>\n<p>Not recommended for those with back problems, pregnant women, or people with physical limitations<br \/>\nWe will pick you up at your Hotel (optional) Most hotels in Cancun, Playa del Carmen.<\/p>\n<p><strong>\u00a0 \u00a0 \u00a0 \u00a0 \u00a0Highlights<\/strong><br \/>\nIn Loma Bonita Park we offer a Completely Powerful experience with 100% adrenaline in its 200 hectares, located in the Jungle of the Mexican Caribbean. Horses, motorcycles, zip lines, and a very refreshing Cenote in the area will leave you with memories that will remain forever in your family&#8217;s best moments<br \/>\nthe tour is done in small groups to personalize the attention.<br \/>\nDuration: Approximately 5 hours from the time of being picked up at the hotel until returning to it.<\/p>\n<p><strong>\u00a0 \u00a0 \u00a0 \u00a0 \u00a0 \u00a0Incluye<\/strong><br \/>\nGu\u00eda biling\u00fce<br \/>\nall equipment<br \/>\nOptional Shared transportation<br \/>\nSnack (Chicken fajitas, rice, and beans)<br \/>\nLemonade (unlimited)<br \/>\n<strong>\u00a0 \u00a0 \u00a0 \u00a0 \u00a0 \u00a0Exclusions<\/strong><br \/>\nPhotography, Lockers, Tips, Souvenirs, Alcoholic Drinks, Towels. Tips, souvenirs. All available optional. Transportation Additional 20 USD<br \/>\n<strong>\u00a0 \u00a0 \u00a0 \u00a0 \u00a0 \u00a0What to bring<\/strong><br \/>\nBiodegradable sunscreen and insect repellent<br \/>\nChange of clothes<br \/>\nSunglasses<br \/>\nSwimsuit<br \/>\nTowel<br \/>\nExtra cash for souvenirs and tips (optional)<br \/>\n<strong>\u00a0 \u00a0 \u00a0 \u00a0 \u00a0 \u00a0 \u00a0 Not allowed<\/strong><br \/>\nPeople under the influence of alcohol or drugs will not be allowed to participate in this tour.<br \/>\n<strong>\u00a0 \u00a0 \u00a0 \u00a0 Know before you book<\/strong><br \/>\nYou must be 16 years old to drive an ATV with an adult\u00b4s permission<br \/>\nThe maximum weight allowed per participant is 220 lbs. (100kg)<br \/>\nNot recommended for those with back problems, pregnant women, or people with physical limitations If you have back, neck, joint, or muscular problems or if you are pregnant, you should carefully consider whether to participate.<br \/>\n<strong>If you are 17 or younger, you must have your parent or guardian&#8217;s permission.<\/strong><\/p>\n<p>While participating in the activity, you cannot bring cameras of any kind, drones, or valuables things.<br \/>\nIt\u00b4s important to arrive 30 minutes prior to your reservation.<br \/>\nPlease bring your booking reservation and your ID.<\/p>","protected":false},"excerpt":{"rendered":"<p>Zip Lines &#8211; Horseback Riding &#8211; ATVs and Cenote<\/p>\n<p>Combine all of them. 4 of the most exciting activities.\u00a0 Feel Extreme, Be Extreme<\/p>\n<p>ZIP LINE We start this exciting adventure in the jungle canopy with 45 minutes of zipline fun<br \/>\nCuatrimotos Individual Contin\u00fae con 45 minutos de emoci\u00f3n llena de adrenalina en nuestras Cuatrimotos en senderos creados para la m\u00e1xima diversi\u00f3n y seguridad.<br \/>\nCabalgata: Explorando la Selva disfruta la aventura 45 min<br \/>\nCENOTE: Nadar\u00e1s en nuestro refrescante cenote y sus aguas cristalinas y disfrutar\u00e1s de 2 tirolesas acu\u00e1ticas antes de un delicioso snack para recuperar energ\u00edas en nuestra palapa principal.<\/p>\n<p>Te recogeremos en tu Hotel (opcional)<\/p>\n<p>DEBE TENER 16 A\u00d1OS PARA CONDUCIR LOS ATV.\u00a0 <strong>Kids will ride with an adult.<\/strong> Kids are 5-11 years old.<\/p>","protected":false},"featured_media":3357,"template":"","meta":{"site-sidebar-layout":"default","site-content-layout":"default","ast-site-content-layout":"default","site-content-style":"default","site-sidebar-style":"default","ast-global-header-display":"","ast-banner-title-visibility":"","ast-main-header-display":"","ast-hfb-above-header-display":"","ast-hfb-below-header-display":"","ast-hfb-mobile-header-display":"","site-post-title":"","ast-breadcrumbs-content":"","ast-featured-img":"","footer-sml-layout":"","ast-disable-related-posts":"","theme-transparent-header-meta":"default","adv-header-id-meta":"","stick-header-meta":"default","header-above-stick-meta":"","header-main-stick-meta":"","header-below-stick-meta":"","astra-migrate-meta-layouts":"set","ast-page-background-enabled":"default","ast-page-background-meta":{"desktop":{"background-color":"","background-image":"","background-repeat":"repeat","background-position":"center center","background-size":"auto","background-attachment":"scroll","background-type":"","background-media":"","overlay-type":"","overlay-color":"","overlay-opacity":"","overlay-gradient":""},"tablet":{"background-color":"","background-image":"","background-repeat":"repeat","background-position":"center center","background-size":"auto","background-attachment":"scroll","background-type":"","background-media":"","overlay-type":"","overlay-color":"","overlay-opacity":"","overlay-gradient":""},"mobile":{"background-color":"","background-image":"","background-repeat":"repeat","background-position":"center center","background-size":"auto","background-attachment":"scroll","background-type":"","background-media":"","overlay-type":"","overlay-color":"","overlay-opacity":"","overlay-gradient":""}},"ast-content-background-meta":{"desktop":{"background-color":"var(--ast-global-color-5)","background-image":"","background-repeat":"repeat","background-position":"center center","background-size":"auto","background-attachment":"scroll","background-type":"","background-media":"","overlay-type":"","overlay-color":"","overlay-opacity":"","overlay-gradient":""},"tablet":{"background-color":"var(--ast-global-color-5)","background-image":"","background-repeat":"repeat","background-position":"center center","background-size":"auto","background-attachment":"scroll","background-type":"","background-media":"","overlay-type":"","overlay-color":"","overlay-opacity":"","overlay-gradient":""},"mobile":{"background-color":"var(--ast-global-color-5)","background-image":"","background-repeat":"repeat","background-position":"center center","background-size":"auto","background-attachment":"scroll","background-type":"","background-media":"","overlay-type":"","overlay-color":"","overlay-opacity":"","overlay-gradient":""}}},"product_brand":[],"product_cat":[33,229,24],"product_tag":[],"class_list":{"0":"post-3518","1":"product","2":"type-product","3":"status-publish","4":"has-post-thumbnail","6":"product_cat-extreme","7":"product_cat-special-price","8":"product_cat-tours","9":"desktop-align-left","10":"tablet-align-left","11":"mobile-align-left","13":"first","14":"instock","15":"sale","16":"featured","17":"taxable","18":"shipping-taxable","19":"product-type-grouped"},"_links":{"self":[{"href":"https:\/\/capatours.com\/es\/wp-json\/wp\/v2\/product\/3518","targetHints":{"allow":["GET"]}}],"collection":[{"href":"https:\/\/capatours.com\/es\/wp-json\/wp\/v2\/product"}],"about":[{"href":"https:\/\/capatours.com\/es\/wp-json\/wp\/v2\/types\/product"}],"version-history":[{"count":7,"href":"https:\/\/capatours.com\/es\/wp-json\/wp\/v2\/product\/3518\/revisions"}],"predecessor-version":[{"id":6095,"href":"https:\/\/capatours.com\/es\/wp-json\/wp\/v2\/product\/3518\/revisions\/6095"}],"wp:featuredmedia":[{"embeddable":true,"href":"https:\/\/capatours.com\/es\/wp-json\/wp\/v2\/media\/3357"}],"wp:attachment":[{"href":"https:\/\/capatours.com\/es\/wp-json\/wp\/v2\/media?parent=3518"}],"wp:term":[{"taxonomy":"product_brand","embeddable":true,"href":"https:\/\/capatours.com\/es\/wp-json\/wp\/v2\/product_brand?post=3518"},{"taxonomy":"product_cat","embeddable":true,"href":"https:\/\/capatours.com\/es\/wp-json\/wp\/v2\/product_cat?post=3518"},{"taxonomy":"product_tag","embeddable":true,"href":"https:\/\/capatours.com\/es\/wp-json\/wp\/v2\/product_tag?post=3518"}],"curies":[{"name":"wp","href":"https:\/\/api.w.org\/{rel}","templated":true}]}}