{"id":3785,"date":"2021-12-19T20:09:06","date_gmt":"2021-12-19T20:09:06","guid":{"rendered":"https:\/\/outlet-tours.com\/?post_type=product&#038;p=3785"},"modified":"2024-12-03T03:20:09","modified_gmt":"2024-12-03T03:20:09","slug":"35-isla-mujeres-unlimited-tour","status":"publish","type":"product","link":"https:\/\/capatours.com\/es\/producto\/35-isla-mujeres-unlimited-tour\/","title":{"rendered":"Tour Isla Mujeres Ilimitado."},"content":{"rendered":"<h2>Descubre Isla Mujeres \u2013 Un Para\u00edso Caribe\u00f1o.<\/h2>\n<p>Isla Mujeres es una joya del Caribe mexicano que ofrece playas v\u00edrgenes, una cultura vibrante y un ambiente isle\u00f1o relajado. Esc\u00e1pese del ajetreo y el bullicio de Canc\u00fan para pasar un d\u00eda de felicidad y descubrimiento.<\/p>\n<h2>La joya de Playa Norte.<\/h2>\n<p>Hunde los dedos de los pies en las finas arenas blancas de Playa Norte, considerada una de las mejores playas del mundo. Ya sea que est\u00e9s descansando bajo el sol o nadando en tranquilas aguas turquesas, la relajaci\u00f3n est\u00e1 garantizada.<\/p>\n<h2>Navega con estilo en una aventura en catamar\u00e1n.<\/h2>\n<p>Experimente la emoci\u00f3n de navegar por el impresionante Mar Caribe en un catamar\u00e1n de lujo.<\/p>\n<h3>Barra libre y bebidas tropicales.<\/h3>\n<p>Saboree refrescantes bebidas tropicales de la barra libre mientras siente la brisa y disfruta de la m\u00fasica r\u00edtmica a bordo.<\/p>\n<h3>Snorkel en vibrantes arrecifes de coral.<\/h3>\n<p>Sum\u00e9rgete en aguas cristalinas para explorar la colorida vida marina durante una inolvidable sesi\u00f3n de snorkel.<\/p>\n<h2>Del\u00e9itate con un Delicioso Almuerzo.<\/h2>\n<p>Saboree un almuerzo gourmet en Isla Mujeres, combinando mariscos frescos y aut\u00e9nticos sabores mexicanos.<\/p>\n<h3>Una fiesta para recordar.<\/h3>\n<p>Disfrute de una combinaci\u00f3n de platos cl\u00e1sicos, especialidades isle\u00f1as y bebidas refrescantes mientras disfruta del ambiente isle\u00f1o.<\/p>\n<h3>Explora Isla Mujeres en carrito de golf.<\/h3>\n<p>Descubra la isla a su propio ritmo con el alquiler opcional de un carrito de golf, perfecto para descubrir sus tesoros escondidos.<\/p>\n<h2>Lugares emblem\u00e1ticos de la isla.<\/h2>\n<p>Visite los acantilados de Punta Sur, los mercados locales y los miradores panor\u00e1micos que muestran la belleza natural de la isla.<\/p>\n<h4>Un relajante paseo por la isla.<\/h4>\n<p>Siente la c\u00e1lida brisa de la isla mientras navegas por calles pintorescas y conectas con el encanto de Isla Mujeres.<\/p>\n<p>&nbsp;<\/p>\n<h2>\u00bfPor qu\u00e9 elegir este tour en catamar\u00e1n a Isla Mujeres?<\/h2>\n<h2><\/h2>\n<h2>\u00a0 Comodidad todo incluido.<\/h2>\n<p>Su recorrido incluye transporte, equipo de snorkel, almuerzo y barra libre para una experiencia sin preocupaciones.<\/p>\n<h4>\u00a0Una combinaci\u00f3n perfecta de aventura y relajaci\u00f3n.<\/h4>\n<p>Desde emocionantes actividades acu\u00e1ticas hasta momentos relajados en la playa, este recorrido ofrece lo mejor de ambos mundos.<\/p>\n<h1><span style=\"font-size: 16px;\">\u00a0Contrate su tour a Isla Mujeres HOY MISMO.<\/span><\/h1>\n<p>Esc\u00e1pate al para\u00edso con este tour en catamar\u00e1n a Isla Mujeres desde Canc\u00fan. Disfrute de una navegaci\u00f3n de lujo, una experiencia isle\u00f1a vibrante y recuerdos que durar\u00e1n toda la vida.<\/p>\n<p class=\" translation-block\"><strong>TOUR INCLUDES:<\/strong><br>\r\n-Round trip transportation Complementary from most hotels<br>\r\n-Coffee &amp; Bread at the Marina.<br>\r\n-Bilingual tour guides.<br>\r\n-Snorkeling included.<br>\r\n\u2013 2 times Snorkeling, at the reef &amp; Playa Norte.<br>\r\n-Lunch buffet at Ice Bar Beach Club.<br>\r\n-Visit Playa Norte.<br>\r\n-Free time in Downtown Isla Mujeres.<br>\r\n-Open Bar, Soft drinks, beer, rum, vodka &amp; tequila.<br>\r\n<strong>&nbsp; &nbsp; &nbsp; &nbsp; NOT INCLUDED:<\/strong><br>\r\n-Dock fee 20 usd or 400 pesos per person. To be paid in cash at the dock<br>\r\n-Tips<\/p>","protected":false},"excerpt":{"rendered":"<p class=\" translation-block\">Zarpe desde Canc\u00fan en un inolvidable recorrido en catamar\u00e1n por Isla Mujeres con almuerzo y barra libre. Sum\u00e9rgete en aguas cristalinas, explora la belleza pr\u00edstina de Playa Norte y recorre la isla en un carrito de golf. \u00a1Disfruta de lo agradable y f\u00e1cil, la relajaci\u00f3n y la aventura, todo en un d\u00eda m\u00e1gico!<\/p>\n<p class=\"whitespace-pre-wrap break-words translation-block\">Descubra las joyas ocultas de Isla Mujeres: \u00a1una aventura isle\u00f1a inolvidable!<\/p>\n<p class=\"whitespace-pre-wrap break-words translation-block\">Emb\u00e1rcate en un viaje extraordinario m\u00e1s all\u00e1 de la t\u00edpica experiencia tur\u00edstica. Nuestro exclusivo recorrido por Isla Mujeres va muy por debajo de la superficie, revelando los secretos mejor guardados de la isla y los impresionantes lugares escondidos que la mayor\u00eda de los visitantes nunca llegan a ver. Traslados en hoteles de cortes\u00eda en toda el \u00e1rea de Canc\u00fan y la Riviera Maya, incluida Playa del Carmen.  Tour completo que cubre los lugares m\u00e1s impresionantes y menos conocidos de Isla Mujeres.  Bebidas ilimitadas que incluyen: refrescos, cerveza helada, ron premium, vodka suave, ron, tequila cl\u00e1sico y m\u00e1s.<\/p>\n<p><strong><em>Kids Rate: From 5 to 11<\/em><\/strong><\/p>","protected":false},"featured_media":4054,"template":"","meta":{"site-sidebar-layout":"default","site-content-layout":"default","ast-site-content-layout":"default","site-content-style":"default","site-sidebar-style":"default","ast-global-header-display":"","ast-banner-title-visibility":"","ast-main-header-display":"","ast-hfb-above-header-display":"","ast-hfb-below-header-display":"","ast-hfb-mobile-header-display":"","site-post-title":"","ast-breadcrumbs-content":"","ast-featured-img":"","footer-sml-layout":"","ast-disable-related-posts":"","theme-transparent-header-meta":"default","adv-header-id-meta":"","stick-header-meta":"default","header-above-stick-meta":"","header-main-stick-meta":"","header-below-stick-meta":"","astra-migrate-meta-layouts":"set","ast-page-background-enabled":"default","ast-page-background-meta":{"desktop":{"background-color":"","background-image":"","background-repeat":"repeat","background-position":"center center","background-size":"auto","background-attachment":"scroll","background-type":"","background-media":"","overlay-type":"","overlay-color":"","overlay-opacity":"","overlay-gradient":""},"tablet":{"background-color":"","background-image":"","background-repeat":"repeat","background-position":"center center","background-size":"auto","background-attachment":"scroll","background-type":"","background-media":"","overlay-type":"","overlay-color":"","overlay-opacity":"","overlay-gradient":""},"mobile":{"background-color":"","background-image":"","background-repeat":"repeat","background-position":"center center","background-size":"auto","background-attachment":"scroll","background-type":"","background-media":"","overlay-type":"","overlay-color":"","overlay-opacity":"","overlay-gradient":""}},"ast-content-background-meta":{"desktop":{"background-color":"var(--ast-global-color-5)","background-image":"","background-repeat":"repeat","background-position":"center center","background-size":"auto","background-attachment":"scroll","background-type":"","background-media":"","overlay-type":"","overlay-color":"","overlay-opacity":"","overlay-gradient":""},"tablet":{"background-color":"var(--ast-global-color-5)","background-image":"","background-repeat":"repeat","background-position":"center center","background-size":"auto","background-attachment":"scroll","background-type":"","background-media":"","overlay-type":"","overlay-color":"","overlay-opacity":"","overlay-gradient":""},"mobile":{"background-color":"var(--ast-global-color-5)","background-image":"","background-repeat":"repeat","background-position":"center center","background-size":"auto","background-attachment":"scroll","background-type":"","background-media":"","overlay-type":"","overlay-color":"","overlay-opacity":"","overlay-gradient":""}}},"product_brand":[],"product_cat":[34,229,24],"product_tag":[],"class_list":{"0":"post-3785","1":"product","2":"type-product","3":"status-publish","4":"has-post-thumbnail","6":"product_cat-family","7":"product_cat-special-price","8":"product_cat-tours","9":"desktop-align-left","10":"tablet-align-left","11":"mobile-align-left","13":"first","14":"instock","15":"sale","16":"featured","17":"taxable","18":"shipping-taxable","19":"product-type-grouped"},"_links":{"self":[{"href":"https:\/\/capatours.com\/es\/wp-json\/wp\/v2\/product\/3785","targetHints":{"allow":["GET"]}}],"collection":[{"href":"https:\/\/capatours.com\/es\/wp-json\/wp\/v2\/product"}],"about":[{"href":"https:\/\/capatours.com\/es\/wp-json\/wp\/v2\/types\/product"}],"version-history":[{"count":7,"href":"https:\/\/capatours.com\/es\/wp-json\/wp\/v2\/product\/3785\/revisions"}],"predecessor-version":[{"id":7101,"href":"https:\/\/capatours.com\/es\/wp-json\/wp\/v2\/product\/3785\/revisions\/7101"}],"wp:featuredmedia":[{"embeddable":true,"href":"https:\/\/capatours.com\/es\/wp-json\/wp\/v2\/media\/4054"}],"wp:attachment":[{"href":"https:\/\/capatours.com\/es\/wp-json\/wp\/v2\/media?parent=3785"}],"wp:term":[{"taxonomy":"product_brand","embeddable":true,"href":"https:\/\/capatours.com\/es\/wp-json\/wp\/v2\/product_brand?post=3785"},{"taxonomy":"product_cat","embeddable":true,"href":"https:\/\/capatours.com\/es\/wp-json\/wp\/v2\/product_cat?post=3785"},{"taxonomy":"product_tag","embeddable":true,"href":"https:\/\/capatours.com\/es\/wp-json\/wp\/v2\/product_tag?post=3785"}],"curies":[{"name":"wp","href":"https:\/\/api.w.org\/{rel}","templated":true}]}}